{"id":34,"date":"2021-11-09T09:42:53","date_gmt":"2021-11-09T09:42:53","guid":{"rendered":"https:\/\/pipemarking.com\/?page_id=34"},"modified":"2022-01-27T13:54:32","modified_gmt":"2022-01-27T12:54:32","slug":"history","status":"publish","type":"page","link":"https:\/\/pipemarking.com\/de\/history\/","title":{"rendered":"Geschichte"},"content":{"rendered":"<p>[et_pb_section fb_built=”1″ _builder_version=”4.13.0″ _module_preset=”default” global_colors_info=”{}”][et_pb_row _builder_version=”4.13.0″ _module_preset=”default” global_colors_info=”{}”][et_pb_column type=”4_4″ _builder_version=”4.13.0″ _module_preset=”default” global_colors_info=”{}”][et_pb_text _builder_version=”4.13.0″ _module_preset=”default” global_colors_info=”{}”]<\/p>\n<h1>History<\/h1>\n<p>[\/et_pb_text][et_pb_text _builder_version=”4.13.0″ _module_preset=”default” global_colors_info=”{}”]<\/p>\n<p>Nordisk R\u00f6rm\u00e4rkning AB is a family-owned company that was founded in 1984. It all started with Claes W Kjellberg who was then sales manager in the technical tape department at M\u00f6lnlycke AB, where products included pipe markings as well as Nitto’s range of tapes. At that time it was Nitto’s ambition to establish itself in Sweden. Claes didn’t want to join the new organisation, but was given the opportunity to buy out the pipe marking operation from M\u00f6lnlycke AB.<\/p>\n<p>At that time Nordisk R\u00f6rm\u00e4rkning AB had its office right in the heart of central G\u00f6teborg.<\/p>\n<p>[\/et_pb_text][et_pb_image src=”https:\/\/pipemarking.com\/wp-content\/uploads\/2022\/01\/historik1-2.jpeg” _builder_version=”4.14.7″ _module_preset=”default” hover_enabled=”0″ global_colors_info=”{}” title_text=”historik1-2″ align=”center” sticky_enabled=”0″][\/et_pb_image][et_pb_text _builder_version=”4.13.0″ _module_preset=”default” global_colors_info=”{}”]<\/p>\n<p>In 1991 Claes’ youngest son Christian started working with his father after tiring of working with computers. In 1994 the office and warehouse was moved to a 300 m\u00b2 premises in \u00c4lv\u00e4ngen, 35 kilometres north of G\u00f6teborg. In 2001 the company invested in its own flexo printing press. This means that we can print all pipe markings ourselves, along with packing tape and barrier tape.<\/p>\n<p>[\/et_pb_text][et_pb_image src=”https:\/\/pipemarking.com\/wp-content\/uploads\/2022\/01\/historik2.jpeg” _builder_version=”4.14.7″ _module_preset=”default” hover_enabled=”0″ global_colors_info=”{}” title_text=”historik2″ align=”center” sticky_enabled=”0″][\/et_pb_image][et_pb_text _builder_version=”4.13.0″ _module_preset=”default” global_colors_info=”{}”]<\/p>\n<p>In 2003 an investment was made in a laser engraving machine to replace the traditional computer-controlled engraving machine that is now only used in emergencies.<\/p>\n<p>[\/et_pb_text][\/et_pb_column][\/et_pb_row][\/et_pb_section]<\/p>\n","protected":false},"excerpt":{"rendered":"<p>HistoryNordisk R\u00f6rm\u00e4rkning AB is a family-owned company that was founded in 1984. It all started with Claes W Kjellberg who was then sales manager in the technical tape department at M\u00f6lnlycke AB, where products included pipe markings as well as Nitto’s range of tapes. At that time it was Nitto’s ambition to establish itself in [&hellip;]<\/p>\n","protected":false},"author":1,"featured_media":0,"parent":0,"menu_order":0,"comment_status":"closed","ping_status":"closed","template":"","meta":{"_et_pb_use_builder":"on","_et_pb_old_content":"","_et_gb_content_width":"","footnotes":""},"class_list":["post-34","page","type-page","status-publish","hentry"],"_links":{"self":[{"href":"https:\/\/pipemarking.com\/de\/wp-json\/wp\/v2\/pages\/34","targetHints":{"allow":["GET"]}}],"collection":[{"href":"https:\/\/pipemarking.com\/de\/wp-json\/wp\/v2\/pages"}],"about":[{"href":"https:\/\/pipemarking.com\/de\/wp-json\/wp\/v2\/types\/page"}],"author":[{"embeddable":true,"href":"https:\/\/pipemarking.com\/de\/wp-json\/wp\/v2\/users\/1"}],"replies":[{"embeddable":true,"href":"https:\/\/pipemarking.com\/de\/wp-json\/wp\/v2\/comments?post=34"}],"version-history":[{"count":5,"href":"https:\/\/pipemarking.com\/de\/wp-json\/wp\/v2\/pages\/34\/revisions"}],"predecessor-version":[{"id":216,"href":"https:\/\/pipemarking.com\/de\/wp-json\/wp\/v2\/pages\/34\/revisions\/216"}],"wp:attachment":[{"href":"https:\/\/pipemarking.com\/de\/wp-json\/wp\/v2\/media?parent=34"}],"curies":[{"name":"wp","href":"https:\/\/api.w.org\/{rel}","templated":true}]}}