{"id":38,"date":"2021-11-09T09:46:34","date_gmt":"2021-11-09T09:46:34","guid":{"rendered":"https:\/\/pipemarking.com\/?page_id=38"},"modified":"2022-01-18T11:46:07","modified_gmt":"2022-01-18T10:46:07","slug":"contact-us","status":"publish","type":"page","link":"https:\/\/pipemarking.com\/es\/contact-us\/","title":{"rendered":"Cont\u00e1ctenos"},"content":{"rendered":"<p>[et_pb_section fb_built=”1″ _builder_version=”4.13.0″ _module_preset=”default” global_colors_info=”{}”][et_pb_row _builder_version=”4.13.0″ _module_preset=”default” global_colors_info=”{}”][et_pb_column type=”4_4″ _builder_version=”4.13.0″ _module_preset=”default” global_colors_info=”{}”][et_pb_text _builder_version=”4.13.0″ _module_preset=”default” global_colors_info=”{}”]<\/p>\n<h1>Contact Us<\/h1>\n<p>[\/et_pb_text][\/et_pb_column][\/et_pb_row][et_pb_row column_structure=”1_2,1_2″ _builder_version=”4.13.0″ _module_preset=”default” global_colors_info=”{}”][et_pb_column type=”1_2″ _builder_version=”4.13.0″ _module_preset=”default” global_colors_info=”{}”][et_pb_text _builder_version=”4.13.0″ _module_preset=”default” link_text_color=”#184796″ hover_enabled=”0″ global_colors_info=”{}” sticky_enabled=”0″]<\/p>\n<h3>Mailing address<\/h3>\n<p>Nordisk R\u00f6rm\u00e4rkning AB<br \/>Garveriv\u00e4gen 10<br \/>S-446 23 \u00c4lv\u00e4ngen<br \/>Sweden<\/p>\n<p>Website: <a href=\"http:\/\/www.pipemarkning.com\">www.pipemarkning.com<\/a><br \/>E-post: <a href=\"mailto:info@pipemarkning.com\">info@pipemarkning.com<\/a><br \/>Order: <a href=\"mailto:info@pipemarking.com\">info@pipemarking.com <\/a><\/p>\n<p>[\/et_pb_text][\/et_pb_column][et_pb_column type=”1_2″ _builder_version=”4.13.0″ _module_preset=”default” global_colors_info=”{}”][et_pb_text _builder_version=”4.13.0″ _module_preset=”default” global_colors_info=”{}”]<\/p>\n<h3>Delivery addres<\/h3>\n<p>Nordisk R\u00f6rm\u00e4rkning AB<br \/>Garveriv\u00e4gen 10<br \/>S-446 37 \u00c4lv\u00e4ngen<br \/>Sweden<\/p>\n<p>Tel: +46(0)303-74 99 50<br \/>Fax: +46(0)303-74 99 60<\/p>\n<p>[\/et_pb_text][\/et_pb_column][\/et_pb_row][et_pb_row _builder_version=”4.13.0″ _module_preset=”default” global_colors_info=”{}”][et_pb_column type=”4_4″ _builder_version=”4.13.0″ _module_preset=”default” global_colors_info=”{}”][et_pb_contact_form use_spam_service=”on” recaptcha_list=”Default|Default-0″ email=”info@pipemarking.com” _builder_version=”4.14.5″ _module_preset=”default” _unique_id=”20a48b3b-0625-4bc5-92be-2885f2944d80″ custom_button=”on” button_text_color=”#184796″ global_colors_info=”{}”][et_pb_contact_field field_id=”Name” field_title=”Name” _builder_version=”3.16″ global_colors_info=”{}” button_text_size__hover_enabled=”off” button_one_text_size__hover_enabled=”off” button_two_text_size__hover_enabled=”off” button_text_color__hover_enabled=”off” button_one_text_color__hover_enabled=”off” button_two_text_color__hover_enabled=”off” button_border_width__hover_enabled=”off” button_one_border_width__hover_enabled=”off” button_two_border_width__hover_enabled=”off” button_border_color__hover_enabled=”off” button_one_border_color__hover_enabled=”off” button_two_border_color__hover_enabled=”off” button_border_radius__hover_enabled=”off” button_one_border_radius__hover_enabled=”off” button_two_border_radius__hover_enabled=”off” button_letter_spacing__hover_enabled=”off” button_one_letter_spacing__hover_enabled=”off” button_two_letter_spacing__hover_enabled=”off” button_bg_color__hover_enabled=”off” button_one_bg_color__hover_enabled=”off” button_two_bg_color__hover_enabled=”off”][\/et_pb_contact_field][et_pb_contact_field field_id=”Email” field_title=”Email Address” field_type=”email” _builder_version=”3.16″ global_colors_info=”{}” button_text_size__hover_enabled=”off” button_one_text_size__hover_enabled=”off” button_two_text_size__hover_enabled=”off” button_text_color__hover_enabled=”off” button_one_text_color__hover_enabled=”off” button_two_text_color__hover_enabled=”off” button_border_width__hover_enabled=”off” button_one_border_width__hover_enabled=”off” button_two_border_width__hover_enabled=”off” button_border_color__hover_enabled=”off” button_one_border_color__hover_enabled=”off” button_two_border_color__hover_enabled=”off” button_border_radius__hover_enabled=”off” button_one_border_radius__hover_enabled=”off” button_two_border_radius__hover_enabled=”off” button_letter_spacing__hover_enabled=”off” button_one_letter_spacing__hover_enabled=”off” button_two_letter_spacing__hover_enabled=”off” button_bg_color__hover_enabled=”off” button_one_bg_color__hover_enabled=”off” button_two_bg_color__hover_enabled=”off”][\/et_pb_contact_field][et_pb_contact_field field_id=”Company” field_title=”Company” _builder_version=”4.13.0″ _module_preset=”default” global_colors_info=”{}”][\/et_pb_contact_field][et_pb_contact_field field_id=”Telephone” field_title=”Telephone Number” _builder_version=”4.13.0″ _module_preset=”default” global_colors_info=”{}”][\/et_pb_contact_field][et_pb_contact_field field_id=”Message” field_title=”Message” field_type=”text” fullwidth_field=”on” _builder_version=”3.16″ global_colors_info=”{}” button_text_size__hover_enabled=”off” button_one_text_size__hover_enabled=”off” button_two_text_size__hover_enabled=”off” button_text_color__hover_enabled=”off” button_one_text_color__hover_enabled=”off” button_two_text_color__hover_enabled=”off” button_border_width__hover_enabled=”off” button_one_border_width__hover_enabled=”off” button_two_border_width__hover_enabled=”off” button_border_color__hover_enabled=”off” button_one_border_color__hover_enabled=”off” button_two_border_color__hover_enabled=”off” button_border_radius__hover_enabled=”off” button_one_border_radius__hover_enabled=”off” button_two_border_radius__hover_enabled=”off” button_letter_spacing__hover_enabled=”off” button_one_letter_spacing__hover_enabled=”off” button_two_letter_spacing__hover_enabled=”off” button_bg_color__hover_enabled=”off” button_one_bg_color__hover_enabled=”off” button_two_bg_color__hover_enabled=”off”][\/et_pb_contact_field][\/et_pb_contact_form][\/et_pb_column][\/et_pb_row][\/et_pb_section]<\/p>\n","protected":false},"excerpt":{"rendered":"<p>Cont\u00e1ctenosDirecci\u00f3n postal Nordisk R\u00f6rm\u00e4rkning ABGarveriv\u00e4gen 10S-446 23 \u00c4lv\u00e4ngenSweden Sitio web: www.pipemarkning.comE-post: info@pipemarkning.comPedido: info@pipemarking.com Direcci\u00f3n de entrega Nordisk R\u00f6rm\u00e4rkning ABGarveriv\u00e4gen 10S-446 37 \u00c4lv\u00e4ngenSweden Tel: +46(0)303 -74 99 50Fax: +46(0)303-74 99 60<\/p>","protected":false},"author":1,"featured_media":0,"parent":0,"menu_order":0,"comment_status":"closed","ping_status":"closed","template":"","meta":{"_et_pb_use_builder":"on","_et_pb_old_content":"","_et_gb_content_width":"","footnotes":""},"class_list":["post-38","page","type-page","status-publish","hentry"],"_links":{"self":[{"href":"https:\/\/pipemarking.com\/es\/wp-json\/wp\/v2\/pages\/38","targetHints":{"allow":["GET"]}}],"collection":[{"href":"https:\/\/pipemarking.com\/es\/wp-json\/wp\/v2\/pages"}],"about":[{"href":"https:\/\/pipemarking.com\/es\/wp-json\/wp\/v2\/types\/page"}],"author":[{"embeddable":true,"href":"https:\/\/pipemarking.com\/es\/wp-json\/wp\/v2\/users\/1"}],"replies":[{"embeddable":true,"href":"https:\/\/pipemarking.com\/es\/wp-json\/wp\/v2\/comments?post=38"}],"version-history":[{"count":8,"href":"https:\/\/pipemarking.com\/es\/wp-json\/wp\/v2\/pages\/38\/revisions"}],"predecessor-version":[{"id":155,"href":"https:\/\/pipemarking.com\/es\/wp-json\/wp\/v2\/pages\/38\/revisions\/155"}],"wp:attachment":[{"href":"https:\/\/pipemarking.com\/es\/wp-json\/wp\/v2\/media?parent=38"}],"curies":[{"name":"gracias","href":"https:\/\/api.w.org\/{rel}","templated":true}]}}