{"id":234,"date":"2022-02-09T06:46:36","date_gmt":"2022-02-09T05:46:36","guid":{"rendered":"https:\/\/pipemarking.com\/?page_id=234"},"modified":"2022-02-09T06:47:12","modified_gmt":"2022-02-09T05:47:12","slug":"terms-conditions","status":"publish","type":"page","link":"https:\/\/pipemarking.com\/fr\/terms-conditions\/","title":{"rendered":"termes et conditions"},"content":{"rendered":"<p>[et_pb_section fb_built=”1″ theme_builder_area=”post_content” _builder_version=”4.14.7″ _module_preset=”default”][et_pb_row _builder_version=”4.14.7″ _module_preset=”default” theme_builder_area=”post_content”][et_pb_column _builder_version=”4.14.7″ _module_preset=”default” type=”4_4″ theme_builder_area=”post_content”][et_pb_text _builder_version=”4.14.7″ _module_preset=”default” theme_builder_area=”post_content” hover_enabled=”0″ sticky_enabled=”0″]<\/p>\n<h2><strong>General terms and conditions of pipemarking.com owned and operated by Nordisk R\u00f6rm\u00e4rkning AB<\/strong><\/h2>\n<p>These general terms and conditions of sale apply to all purchase agreements entered into between us (Nordisk R\u00f6rm\u00e4rkning AB) and our customers. By ordering from us, you accept them terms of sale that apply at the time of order. Any deviations from these terms of purchase or application of the customer’s own purchase terms requires Nordisk R\u00f6rm\u00e4rkning AB written pre-approval.<\/p>\n<p>A customer’s purchase order is not a binding obligation for Nordisk R\u00f6rm\u00e4rkning AB. An agreement is only entered into when Nordisk R\u00f6rm\u00e4rkning AB at its own discretion approves the customer’s order. Orders placed via our pipemarking.com website are valid only when they have been approved by our sales department and you have received a final order confirmation. A completed order entails a liability to pay. Cancellation of orders requires Nordisk R\u00f6rm\u00e4rkning AB written pre-approval.<\/p>\n<p>Swedish law is applied to the sales agreement and these general terms and conditions. Disputes shall be decided in Swedish Court.<\/p>\n<p><strong><\/strong><\/p>\n<p><strong>(1) Conclusion of purchase agreements<br \/><\/strong>A completed order means that you accept our terms of sale and agree that we register your information in our customer register. Before you place an order through our website, you must first read and accept the terms and conditions. The purchase agreement is drawn up in Swedish.<\/p>\n<p><strong>(2) Prices<br \/><\/strong>All our prices are stated in Swedish kronor (SEK) excluding VAT and shipping, 25% VAT will be added thus at stated prices. Orders placed via our website are only valid when they have approved by our sales department, and when you have received final order confirmation. We reserve us for any printing errors. For financial reasons, e.g., increase in commodity prices, some prices may change before deferred period of validity. In this case, the customer is informed of the price change in connection with his\/her order and the price changes in the order confirmation.<\/p>\n<p><strong>(3) Delivery and transport<\/strong><\/p>\n<p><em>Delivery cost<\/em><\/p>\n<p>Shipping cost is added to purchase price given in our web shop.<\/p>\n<p><em>Delivery times<\/em><\/p>\n<p>Items in stock are sent the same day if orders are placed no later than 13.00. The delivery time which is stated on the order confirmation is approximate and shall not be considered binding. Delays due to events that are beyond the control of our company, so-called force majeure, do not entitle to the right to cancel the order, the right to compensation or penalties. Nordisk R\u00f6rm\u00e4rkning AB is not responsible for any loss, damage or cost, directly or indirectly, incurred by the customer as a result of occurring delivery delay, regardless of the reason for the delay.<\/p>\n<p><strong>(4) Payment<\/strong><\/p>\n<p><em>Payment is made in one of the following ways:<\/em><\/p>\n<ul>\n<li>Payment with invoice: 15 days net. You will find all payment details on the invoice. Please state the invoice address, your order number, and email invoice address.<\/li>\n<\/ul>\n<p>Any overdue interest will be added in accordance with Directive 2000\/35 \/ EC of the European Parliament and of the Council on combating late payments in commercial transactions. The interest is calculated from the payment date until Nordisk R\u00f6rm\u00e4rkning AB has received payment. The customer shall in accordance with the said directive replace reasonable costs, including agency costs, incurred by Nordisk R\u00f6rm\u00e4rkning AB in connection with recovery of the late payment.<\/p>\n<p><strong>(5) Reservation of ownership <br \/><\/strong>Delivered goods remain the property of Nordisk R\u00f6rm\u00e4rkning AB until full payment has been received. Regardless if delivery has taken place and any risk has been transferred to the customer, Nordisk R\u00f6rm\u00e4rkning AB reserves the right to do so to the extent this is permitted by law, the right of ownership until full payment of the purchase price as well as the rest amounts due according to the customer’s agreement have been paid. Until then, the customer must handle the products on in such a way that they can be identified as Nordisk R\u00f6rm\u00e4rkning AB’s property and after delivery at their own expense insure them against all usual risks.<\/p>\n<p>Risks and benefits associated with the goods sold are transferred to the customer as soon as he receives them. It is the customer’s responsibility to check the products upon delivery. Damaged, faulty or lost products must be reported in writing to Nordisk R\u00f6rm\u00e4rkning AB within 7 (seven) days from delivery receipt. Otherwise, the customer is considered to have approved the goods. In case of hidden faults, a complaint must be made take place immediately after discovery, but no later than three months after the delivery date.<\/p>\n<p><strong>(6) Return Policy<br \/><\/strong>A product that does not meet customer expectations can be returned unused and in its original packaging within 30 days. The customer then receives either a credit corresponding to that amount invoiced for the returned item (excluding shipping) or a replacement product. If the product is exchanged for another of higher value, the customer will be invoiced for the difference. If, on the other hand, it is exchanged for another of lower value, the customer receives a credit for the difference.<\/p>\n<p><span style=\"text-decoration: underline;\">All returns are accepted on the following conditions:<\/span><\/p>\n<ul>\n<li>The product is returned to Nordisk R\u00f6rm\u00e4rkning AB within 30 working days from the delivery date.<\/li>\n<li>The product is a stock item, i.e. it has not been ordered at the customer’s request and has not been specially manufactured.<\/li>\n<li>You as a customer are responsible for return shipping. In cases where the product is damaged or defective, we bear the cost of pick up or shipping of the product<\/li>\n<li>The product that is returned is in good condition and is returned unused in its original packaging.<\/li>\n<li>Nordisk R\u00f6rm\u00e4rkning AB reserves the right to refuse to accept damaged or poorly packaged products.<\/li>\n<li>Nordisk R\u00f6rm\u00e4rkning AB has pre-approved the return and provided a Return number.<\/li>\n<\/ul>\n<ol start=\"7\"><\/ol>\n<p><strong>(7) Complaints<\/strong><br \/>Any complaints are emailed to info@pipemarking.com, or sent to Nordisk R\u00f6rm\u00e4rkning AB, Garveriv\u00e4gen 10, 446 37 \u00c4lv\u00e4ngen. Complaints do not release the customer from their payment obligation.<\/p>\n<p><strong>(8) Archiving<br \/><\/strong>All agreements entered into via our website are archived for 10 years. Application for access to our archives email to info@pipemarking.com or send by letter to Nordisk R\u00f6rm\u00e4rkning AB, Garveriv\u00e4gen 10, 446 37 \u00c4lv\u00e4ngen.<\/p>\n<p><strong>(9) Personal data<br \/><\/strong>Your personal data is processed in accordance with the Personal Data Act (1998: 204).<\/p>\n<p><strong>\u00a0(10) General terms and conditions for campaigns and discounts<br \/><\/strong>Campaigns cannot be combined. They do not apply to products whose price is already reduced and or considering heavy weight and or bulky products.<\/p>\n<p>[\/et_pb_text][\/et_pb_column][\/et_pb_row][\/et_pb_section]<\/p>\n","protected":false},"excerpt":{"rendered":"<p>General terms and conditions of pipemarking.com owned and operated by Nordisk R\u00f6rm\u00e4rkning AB These general terms and conditions of sale apply to all purchase agreements entered into between us (Nordisk R\u00f6rm\u00e4rkning AB) and our customers. By ordering from us, you accept them terms of sale that apply at the time of order. Any deviations from [&hellip;]<\/p>\n","protected":false},"author":1,"featured_media":0,"parent":0,"menu_order":0,"comment_status":"closed","ping_status":"closed","template":"","meta":{"_et_pb_use_builder":"on","_et_pb_old_content":"","_et_gb_content_width":"","footnotes":""},"class_list":["post-234","page","type-page","status-publish","hentry"],"_links":{"self":[{"href":"https:\/\/pipemarking.com\/fr\/wp-json\/wp\/v2\/pages\/234","targetHints":{"allow":["GET"]}}],"collection":[{"href":"https:\/\/pipemarking.com\/fr\/wp-json\/wp\/v2\/pages"}],"about":[{"href":"https:\/\/pipemarking.com\/fr\/wp-json\/wp\/v2\/types\/page"}],"author":[{"embeddable":true,"href":"https:\/\/pipemarking.com\/fr\/wp-json\/wp\/v2\/users\/1"}],"replies":[{"embeddable":true,"href":"https:\/\/pipemarking.com\/fr\/wp-json\/wp\/v2\/comments?post=234"}],"version-history":[{"count":3,"href":"https:\/\/pipemarking.com\/fr\/wp-json\/wp\/v2\/pages\/234\/revisions"}],"predecessor-version":[{"id":238,"href":"https:\/\/pipemarking.com\/fr\/wp-json\/wp\/v2\/pages\/234\/revisions\/238"}],"wp:attachment":[{"href":"https:\/\/pipemarking.com\/fr\/wp-json\/wp\/v2\/media?parent=234"}],"curies":[{"name":"wp","href":"https:\/\/api.w.org\/{rel}","templated":true}]}}