{"id":88,"date":"2021-11-09T13:22:17","date_gmt":"2021-11-09T13:22:17","guid":{"rendered":"https:\/\/pipemarking.com\/?page_id=88"},"modified":"2022-01-27T09:01:14","modified_gmt":"2022-01-27T08:01:14","slug":"faropiktogram","status":"publish","type":"page","link":"https:\/\/pipemarking.com\/fr\/faropiktogram\/","title":{"rendered":"Faropiktogramme"},"content":{"rendered":"<p>[et_pb_section fb_built=”1″ theme_builder_area=”post_content” _builder_version=”4.14.7″ _module_preset=”default”][et_pb_row _builder_version=”4.14.7″ _module_preset=”default” theme_builder_area=”post_content”][et_pb_column _builder_version=”4.14.7″ _module_preset=”default” type=”4_4″ theme_builder_area=”post_content”][et_pb_text _builder_version=”4.14.7″ _module_preset=”default” theme_builder_area=”post_content” hover_enabled=”0″ sticky_enabled=”0″]<\/p>\n<h1>Hazard pictograms – Hazard symbols &amp; Warning symbols<\/h1>\n<p>[\/et_pb_text][et_pb_text _builder_version=”4.14.7″ _module_preset=”default” theme_builder_area=”post_content” hover_enabled=”0″ sticky_enabled=”0″]<\/p>\n<p>Vi p\u00e5 Nordisk R\u00f6rm\u00e4rkning har ett komplett sortiment av faropiktogram f\u00f6r m\u00e4rkning. I v\u00e5rt sortiment kan du hitta faropiktogram i form av skyltar, dekaler och m\u00e4rktejp. Allt redo f\u00f6r att enkelt best\u00e4lla via v\u00e5r webbutik! Alla v\u00e5ra faropiktogram f\u00f6ljer CLP-f\u00f6rordningens regelverk och uppfyler kraven f\u00f6r m\u00e4rkning med farosymbol.<\/p>\n<p>Vid montering inomhus l\u00e4mnar vi 10 \u00e5rs garanti. Om man laminerar med v\u00e5rt speciella UV-laminat l\u00e4mnas \u00e4ven 10 \u00e5rs garanti utomhus.<\/p>\n<p>Beh\u00f6ver du hj\u00e4lp med din best\u00e4llning eller har n\u00e5gra fr\u00e5gor om f\u00f6rbudsskyltning \u00e4r du v\u00e4lkommen att kontakta oss p\u00e5 telefon eller via mail. Du kan ocks\u00e5 kontakta oss via v\u00e5r kundchatt med dina fr\u00e5gor!<\/p>\n<p>[\/et_pb_text][\/et_pb_column][\/et_pb_row][et_pb_row _builder_version=”4.14.7″ _module_preset=”default” column_structure=”2_3,1_3″ theme_builder_area=”post_content”][et_pb_column _builder_version=”4.14.7″ _module_preset=”default” type=”2_3″ theme_builder_area=”post_content”][et_pb_text _builder_version=”4.14.7″ _module_preset=”default” theme_builder_area=”post_content” hover_enabled=”0″ sticky_enabled=”0″]<\/p>\n<h2>Hazard pictograms – Marking tape<\/h2>\n<p>The hazard symbols consist of laminated, self-adhesive, environmentally friendly polypropylene (PP). The material can withstand water, oil and most acids, alkalis and is adapted to withstand all harsh environments, both indoors and outdoors. The text is protected against wear by a laminated surface layer. The label tape can withstand temperatures up to 120 \u00b0 C and is UV-resistant.<\/p>\n<p>The danger symbols in the form of marking tape are available in three different widths:<\/p>\n<p>50 mm x 30 m marking tape with 30 mm symbols<br \/>75 mm x 30 m marking tape with 60 mm symbols<br \/>160 mm x 10 m marking tape with 60 mm symbols for 2 + 4 symbols, 30 mm for 3 symbols<\/p>\n<p>[\/et_pb_text][\/et_pb_column][et_pb_column _builder_version=”4.14.7″ _module_preset=”default” type=”1_3″ theme_builder_area=”post_content”][et_pb_gallery _builder_version=”4.14.7″ _module_preset=”default” theme_builder_area=”post_content” gallery_ids=”185,186,187″ hover_enabled=”0″ sticky_enabled=”0″ fullwidth=”on”][\/et_pb_gallery][\/et_pb_column][\/et_pb_row][et_pb_row _builder_version=”4.14.7″ _module_preset=”default” column_structure=”3_5,2_5″ theme_builder_area=”post_content”][et_pb_column _builder_version=”4.14.7″ _module_preset=”default” type=”3_5″ theme_builder_area=”post_content”][et_pb_text _builder_version=”4.14.7″ _module_preset=”default” theme_builder_area=”post_content” hover_enabled=”0″ sticky_enabled=”0″]<\/p>\n<h2>Hazard pictograms – Signs and decals<\/h2>\n<p>All danger symbols can be ordered as signs and decals. We have developed a standard version of each sign where it comes in the recommended size and material. If you wish to adapt your fire sign, it is possible to adapt the sign as desired on each product page.<\/p>\n<p>The danger symbols can be purchased as a sign in plastic, self-adhesive decal or sign in aluminum.<\/p>\n<p>[\/et_pb_text][\/et_pb_column][et_pb_column _builder_version=”4.14.7″ _module_preset=”default” type=”2_5″ theme_builder_area=”post_content”][et_pb_gallery _builder_version=”4.14.7″ _module_preset=”default” theme_builder_area=”post_content” gallery_ids=”191,192,193,194,195,196,197,198″ fullwidth=”on” hover_enabled=”0″ sticky_enabled=”0″][\/et_pb_gallery][\/et_pb_column][\/et_pb_row][et_pb_row _builder_version=”4.14.7″ _module_preset=”default” theme_builder_area=”post_content”][et_pb_column _builder_version=”4.14.7″ _module_preset=”default” type=”4_4″ theme_builder_area=”post_content”][et_pb_divider _builder_version=”4.14.7″ _module_preset=”default” theme_builder_area=”post_content” hover_enabled=”0″ sticky_enabled=”0″][\/et_pb_divider][\/et_pb_column][\/et_pb_row][et_pb_row _builder_version=”4.14.7″ _module_preset=”default” theme_builder_area=”post_content”][et_pb_column _builder_version=”4.14.7″ _module_preset=”default” type=”4_4″ theme_builder_area=”post_content”][et_pb_text _builder_version=”4.14.7″ _module_preset=”default” theme_builder_area=”post_content” hover_enabled=”0″ sticky_enabled=”0″]<\/p>\n<h2 style=\"text-align: center;\">Hazard pictograms for marking<\/h2>\n<p>&nbsp;<\/p>\n<p>It is important that chemical products are labeled with the correct type of hazard symbols with associated risk and safety information in the relevant language, in accordance with the current CLP Regulation. The chemical warning symbols you should know can be found here:<\/p>\n<p>[\/et_pb_text][\/et_pb_column][\/et_pb_row][et_pb_row _builder_version=”4.14.7″ _module_preset=”default” column_structure=”1_4,1_4,1_4,1_4″ theme_builder_area=”post_content” custom_padding=”||51px|||”][et_pb_column _builder_version=”4.14.7″ _module_preset=”default” type=”1_4″ theme_builder_area=”post_content”][et_pb_text _builder_version=”4.14.7″ _module_preset=”default” theme_builder_area=”post_content” hover_enabled=”0″ sticky_enabled=”0″]<\/p>\n<h3 style=\"text-align: center;\">Danger symbol:<br \/>Toxic<\/h3>\n<p>[\/et_pb_text][et_pb_image src=”https:\/\/pipemarking.com\/wp-content\/uploads\/2022\/01\/74413.jpeg” _builder_version=”4.14.7″ _module_preset=”default” theme_builder_area=”post_content” title_text=”74413″ hover_enabled=”0″ sticky_enabled=”0″][\/et_pb_image][et_pb_text _builder_version=”4.14.7″ _module_preset=”default” theme_builder_area=”post_content” hover_enabled=”0″ sticky_enabled=”0″]<\/p>\n<p><strong>Toxic.<\/strong> The product \/ substance can cause life-threatening damage if inhaled, contaminated or eaten.<\/p>\n<p>[\/et_pb_text][\/et_pb_column][et_pb_column _builder_version=”4.14.7″ _module_preset=”default” type=”1_4″ theme_builder_area=”post_content”][et_pb_text _builder_version=”4.14.7″ _module_preset=”default” theme_builder_area=”post_content” hover_enabled=”0″ sticky_enabled=”0″]<\/p>\n<h3 style=\"text-align: center;\">Danger symbol:<br \/>\nCorrosive<\/h3>\n<p>[\/et_pb_text][et_pb_image src=”https:\/\/pipemarking.com\/wp-content\/uploads\/2022\/01\/74425.jpeg” _builder_version=”4.14.7″ _module_preset=”default” theme_builder_area=”post_content” title_text=”74425″ hover_enabled=”0″ sticky_enabled=”0″][\/et_pb_image][et_pb_text _builder_version=”4.14.7″ _module_preset=”default” theme_builder_area=”post_content” hover_enabled=”0″ sticky_enabled=”0″]<\/p>\n<p><strong>Corrosive<\/strong>. The product \/ substance can corrode the skin, throat or damage the eyes. Also symbolizes products that can damage metal surfaces by corrosion.<\/p>\n<p>[\/et_pb_text][\/et_pb_column][et_pb_column _builder_version=”4.14.7″ _module_preset=”default” type=”1_4″ theme_builder_area=”post_content”][et_pb_text _builder_version=”4.14.7″ _module_preset=”default” theme_builder_area=”post_content” hover_enabled=”0″ sticky_enabled=”0″]<\/p>\n<h3 style=\"text-align: center;\">Danger symbol:<br \/>\nCause of damage<\/h3>\n<p>[\/et_pb_text][et_pb_image src=”https:\/\/pipemarking.com\/wp-content\/uploads\/2022\/01\/74407.jpeg” _builder_version=”4.14.7″ _module_preset=”default” theme_builder_area=”post_content” title_text=”74407″ hover_enabled=”0″ sticky_enabled=”0″][\/et_pb_image][et_pb_text _builder_version=”4.14.7″ _module_preset=”default” theme_builder_area=”post_content” hover_enabled=”0″ sticky_enabled=”0″]<\/p>\n<p><strong>Cause of damage<\/strong>. The product causes damage when inhaled, in contact with skin or when consumed \/ eaten. Also used for products that can cause allergic reactions when exposed to skin, that irritate the skin, eyes or respiratory tract or have a sedative effect.<\/p>\n<p>[\/et_pb_text][\/et_pb_column][et_pb_column _builder_version=”4.14.7″ _module_preset=”default” type=”1_4″ theme_builder_area=”post_content”][et_pb_text _builder_version=”4.14.7″ _module_preset=”default” theme_builder_area=”post_content” hover_enabled=”0″ sticky_enabled=”0″]<\/p>\n<h3 style=\"text-align: center;\">Danger symbol:<br \/>Danger to health<\/h3>\n<p>[\/et_pb_text][et_pb_image src=”https:\/\/pipemarking.com\/wp-content\/uploads\/2022\/01\/74441.jpeg” _builder_version=”4.14.7″ _module_preset=”default” theme_builder_area=”post_content” title_text=”74441″ hover_enabled=”0″ sticky_enabled=”0″][\/et_pb_image][et_pb_text _builder_version=”4.14.7″ _module_preset=”default” theme_builder_area=”post_content” hover_enabled=”0″ sticky_enabled=”0″]<\/p>\n<p><strong>Harmful to health.<\/strong> This danger symbol indicates that the product may cause DNA-damaging damage or cause other permanent damage such as cancer. Also used to indicate that the product may cause chemical damage during consumption or exposure.<\/p>\n<p>[\/et_pb_text][\/et_pb_column][\/et_pb_row][et_pb_row _builder_version=”4.14.7″ _module_preset=”default” column_structure=”1_4,1_4,1_4,1_4″ theme_builder_area=”post_content” make_equal=”on” hover_enabled=”0″ sticky_enabled=”0″][et_pb_column _builder_version=”4.14.7″ _module_preset=”default” type=”1_4″ theme_builder_area=”post_content” hover_enabled=”0″ sticky_enabled=”0″][et_pb_text _builder_version=”4.14.7″ _module_preset=”default” theme_builder_area=”post_content” hover_enabled=”0″ sticky_enabled=”0″ custom_padding=”||0px|||”]<\/p>\n<h3 style=\"text-align: center;\">Danger symbol:<br \/>Harmful to the environment<\/h3>\n<p>[\/et_pb_text][et_pb_image src=”https:\/\/pipemarking.com\/wp-content\/uploads\/2022\/01\/74445.jpeg” _builder_version=”4.14.7″ _module_preset=”default” theme_builder_area=”post_content” title_text=”74445″ hover_enabled=”0″ sticky_enabled=”0″ custom_padding=”0px|||||”][\/et_pb_image][et_pb_text _builder_version=”4.14.7″ _module_preset=”default” theme_builder_area=”post_content” hover_enabled=”0″ sticky_enabled=”0″]<\/p>\n<p><strong>Harmful to the environment.<\/strong> The product \/ substance is harmful to underwater environments, both in the short and long term. It must be stored and used in such a way that it does not adversely affect the ecosystem.<\/p>\n<p>[\/et_pb_text][\/et_pb_column][et_pb_column _builder_version=”4.14.7″ _module_preset=”default” type=”1_4″ theme_builder_area=”post_content”][et_pb_text _builder_version=”4.14.7″ _module_preset=”default” theme_builder_area=”post_content” hover_enabled=”0″ sticky_enabled=”0″]<\/p>\n<h3 style=\"text-align: center;\">Danger symbol:<br \/>Pressurized gases<\/h3>\n<p>[\/et_pb_text][et_pb_image src=”https:\/\/pipemarking.com\/wp-content\/uploads\/2022\/01\/74402.jpeg” _builder_version=”4.14.7″ _module_preset=”default” theme_builder_area=”post_content” title_text=”74402″ hover_enabled=”0″ sticky_enabled=”0″][\/et_pb_image][et_pb_text _builder_version=”4.14.7″ _module_preset=”default” theme_builder_area=”post_content” hover_enabled=”0″ sticky_enabled=”0″]<\/p>\n<p><strong>Pressurized gases.<\/strong> The product is under pressure or very chilled. The storage container may cause an explosion in case of fire from outside.<\/p>\n<p>[\/et_pb_text][\/et_pb_column][et_pb_column _builder_version=”4.14.7″ _module_preset=”default” type=”1_4″ theme_builder_area=”post_content”][et_pb_text _builder_version=”4.14.7″ _module_preset=”default” theme_builder_area=”post_content” hover_enabled=”0″ sticky_enabled=”0″]<\/p>\n<h3 style=\"text-align: center;\">Danger symbol:<br \/>Inflammable<\/h3>\n<p>[\/et_pb_text][et_pb_image src=”https:\/\/pipemarking.com\/wp-content\/uploads\/2022\/01\/74416.jpeg” _builder_version=”4.14.7″ _module_preset=”default” theme_builder_area=”post_content” title_text=”74416″ hover_enabled=”0″ sticky_enabled=”0″][\/et_pb_image][et_pb_text _builder_version=”4.14.7″ _module_preset=”default” theme_builder_area=”post_content” hover_enabled=”0″ sticky_enabled=”0″]<\/p>\n<p><strong>Inflammable.<\/strong> The product is flammable and can flare up violently when lit or if heat is applied. Some products may emit flammable gas vapors on contact with water or catch unprovoked fire in contact with air.<\/p>\n<p>[\/et_pb_text][\/et_pb_column][et_pb_column _builder_version=”4.14.7″ _module_preset=”default” type=”1_4″ theme_builder_area=”post_content”][et_pb_text _builder_version=”4.14.7″ _module_preset=”default” theme_builder_area=”post_content” hover_enabled=”0″ sticky_enabled=”0″]<\/p>\n<h3 style=\"text-align: center;\">Danger symbol:<br \/>Oxygen oxidizing<\/h3>\n<p>[\/et_pb_text][et_pb_image src=”https:\/\/pipemarking.com\/wp-content\/uploads\/2022\/01\/74438.jpeg” _builder_version=”4.14.7″ _module_preset=”default” theme_builder_area=”post_content” title_text=”74438″ hover_enabled=”0″ sticky_enabled=”0″][\/et_pb_image][et_pb_text _builder_version=”4.14.7″ _module_preset=”default” theme_builder_area=”post_content” hover_enabled=”0″ sticky_enabled=”0″]<\/p>\n<p><strong>Oxygen oxidizing.<\/strong> The product reacts with flames or may explode in contact with flammable substances or explosion in contact with flammable substances or substances.<\/p>\n<p>[\/et_pb_text][\/et_pb_column][\/et_pb_row][et_pb_row _builder_version=”4.14.7″ _module_preset=”default” theme_builder_area=”post_content”][et_pb_column _builder_version=”4.14.7″ _module_preset=”default” type=”4_4″ theme_builder_area=”post_content”][et_pb_text _builder_version=”4.14.7″ _module_preset=”default” theme_builder_area=”post_content” hover_enabled=”0″ sticky_enabled=”0″]<\/p>\n<h2 style=\"text-align: center;\">Rules regarding marking of pipelines with hazard pictograms<\/h2>\n<p>Pipelines for gas or liquid that may pose a risk to health and safety must also be marked with danger symbols in accordance with current regulations from the Chemicals Inspectorate and the Explosives Inspectorate.<\/p>\n<p>The CLP Regulation contains a hazard class called “gas under pressure”. It applies to gases with an overpressure of at least 200 kPa (2 bar). An otherwise harmless gas, e.g. air, with 200 kPa overpressure is classified as a hazardous chemical product according to CLP and must therefore be marked with the hazard pictogram gas under pressure, i.a. Compressed air. The pictogram is not required if the hazard pictogram for flammable or toxic is indicated.<\/p>\n<p>Previous requirements to label dangerous pipelines for gas and liquid that could pose a risk to health and safety every 5 meters have been removed. Now the pipe marking must be clearly visible and can be detected at least once wherever you stand along the pipeline.<\/p>\n<p>[\/et_pb_text][et_pb_text _builder_version=”4.14.7″ _module_preset=”default” theme_builder_area=”post_content” hover_enabled=”0″ sticky_enabled=”0″]<\/p>\n<h2 style=\"text-align: center;\">Frequently asked questions about our hazard symbols, hazard pictograms and warning symbols<\/h2>\n<p>[\/et_pb_text][\/et_pb_column][\/et_pb_row][et_pb_row _builder_version=”4.14.7″ _module_preset=”default” column_structure=”1_2,1_2″ theme_builder_area=”post_content”][et_pb_column _builder_version=”4.14.7″ _module_preset=”default” type=”1_2″ theme_builder_area=”post_content”][et_pb_accordion _builder_version=”4.14.7″ _module_preset=”default” theme_builder_area=”post_content” hover_enabled=”0″ sticky_enabled=”0″ open_toggle_background_color=”#FFFFFF” closed_toggle_background_color=”#FFFFFF” open_toggle_text_color=”#184796″ toggle_level=”h3″ toggle_text_color=”#184796″][et_pb_accordion_item title=”Which products must be marked with danger symbols and warning symbols?” _builder_version=”4.14.7″ _module_preset=”default” open=”on” theme_builder_area=”post_content” hover_enabled=”0″ sticky_enabled=”0″]<\/p>\n<p>Most chemical products have dangerous properties that the consumer must be aware of, and must therefore be marked with so-called danger symbols or chemical warning symbols. This applies to all substances that have been classified as dangerous. Even certain mixtures, which are not classified as dangerous but contain dangerous substances, must be marked with warning symbols. The easiest way to know how to label a product is to look at the safety data sheet.<\/p>\n<p>[\/et_pb_accordion_item][et_pb_accordion_item title=”What does the CLP Regulation really say?” _builder_version=”4.14.7″ _module_preset=”default” open=”off” theme_builder_area=”post_content” hover_enabled=”0″ sticky_enabled=”0″]<\/p>\n<p>The CLP Regulation applies throughout the EU and the EEA countries. Before dangerous chemical products are sold, they must be classified, labeled and packaged in accordance with CLP. Products sold in Sweden must have Swedish labeling. It must be possible to offer safety data sheets to professional users.<\/p>\n<p>[\/et_pb_accordion_item][et_pb_accordion_item title=”How are hazard symbols used in chemistry?” _builder_version=”4.14.7″ _module_preset=”default” theme_builder_area=”post_content” hover_enabled=”0″ sticky_enabled=”0″ open=”off”]<\/p>\n<p>There is a clear standard for danger symbols:<\/p>\n<ul>\n<li>Faropictogram<\/li>\n<li>Signal word<\/li>\n<li>Hazard statements<\/li>\n<\/ul>\n<p>All chemical products sold must be classified and labeled so that the product’s hazardous properties are clearly visible. Packaging must be labeled in the local language and contain:<\/p>\n<ul>\n<li>Product name<\/li>\n<li>Packaging volume<\/li>\n<li>Topics included<\/li>\n<li>Faropictogram<\/li>\n<li>Signal word<\/li>\n<li>Hazard statements<\/li>\n<\/ul>\n<p>Contact information for the company that markets and \/ or sells the product must also be included.<\/p>\n<p>[\/et_pb_accordion_item][\/et_pb_accordion][\/et_pb_column][et_pb_column _builder_version=”4.14.7″ _module_preset=”default” type=”1_2″ theme_builder_area=”post_content”][et_pb_accordion _builder_version=”4.14.7″ _module_preset=”default” theme_builder_area=”post_content” hover_enabled=”0″ sticky_enabled=”0″ open_toggle_background_color=”#FFFFFF” closed_toggle_background_color=”#FFFFFF” open_toggle_text_color=”#184796″ toggle_level=”h3″ toggle_text_color=”#184796″][et_pb_accordion_item title=”What does the CLP label need to contain to be correct?” _builder_version=”4.14.7″ _module_preset=”default” open=”on” theme_builder_area=”post_content” hover_enabled=”0″ sticky_enabled=”0″]<\/p>\n<p>CLP labeling shall include standardized descriptions of hazardous properties and safe handling. The hazard pictograms and the signal words “Danger” or “Warning” alert the user to the danger.<\/p>\n<p>[\/et_pb_accordion_item][et_pb_accordion_item title=”Do I need to mark up with danger pictograms and warning symbols in e-commerce?” _builder_version=”4.14.7″ _module_preset=”default” open=”off” theme_builder_area=”post_content” hover_enabled=”0″ sticky_enabled=”0″]<\/p>\n<p>Yes. If you sell chemical products in a webshop, the dangerous properties of the products must be clearly visible on the website.<\/p>\n<p>The consumer must be able to take part in the product’s dangerous properties before the purchase. The information should be in the local language and designed differently, depending on whether you sell mixtures or substances.<\/p>\n<p>For mixtures, the requirements for CLP labeling only apply if you sell to private individuals, for substances, the requirements also apply to professional users.<\/p>\n<p>[\/et_pb_accordion_item][et_pb_accordion_item title=”How to label tubes with hazard pictograms?” _builder_version=”4.14.7″ _module_preset=”default” theme_builder_area=”post_content” hover_enabled=”0″ sticky_enabled=”0″ open=”off”]<\/p>\n<p>Nowhere in AFS 2014: 43 does it say how big the danger pictograms should be.<\/p>\n<p>It is enough that the danger pictogram itself is included on the label, the explanatory text does not have to be included. All hazard pictograms included in the safety data sheet for the product must also be included on the pipe marking. All non-flammable and toxic gases above 2 bar must also be marked with hazard pictogram GHS 04 “Gas under pressure” An otherwise harmless gas, e.g. air, with 2 bar overpressure is classified as a hazardous chemical product according to CLP and must therefore be marked with the hazard pictogram gas under pressure, i.a. compressed air.<\/p>\n<p>[\/et_pb_accordion_item][\/et_pb_accordion][\/et_pb_column][\/et_pb_row][\/et_pb_section]<\/p>\n","protected":false},"excerpt":{"rendered":"<p>Hazard pictograms – Hazard symbols &amp; Warning symbolsVi p\u00e5 Nordisk R\u00f6rm\u00e4rkning har ett komplett sortiment av faropiktogram f\u00f6r m\u00e4rkning. I v\u00e5rt sortiment kan du hitta faropiktogram i form av skyltar, dekaler och m\u00e4rktejp. Allt redo f\u00f6r att enkelt best\u00e4lla via v\u00e5r webbutik! Alla v\u00e5ra faropiktogram f\u00f6ljer CLP-f\u00f6rordningens regelverk och uppfyler kraven f\u00f6r m\u00e4rkning med farosymbol. [&hellip;]<\/p>\n","protected":false},"author":1,"featured_media":0,"parent":0,"menu_order":0,"comment_status":"closed","ping_status":"closed","template":"","meta":{"_et_pb_use_builder":"on","_et_pb_old_content":"","_et_gb_content_width":"","footnotes":""},"class_list":["post-88","page","type-page","status-publish","hentry"],"_links":{"self":[{"href":"https:\/\/pipemarking.com\/fr\/wp-json\/wp\/v2\/pages\/88","targetHints":{"allow":["GET"]}}],"collection":[{"href":"https:\/\/pipemarking.com\/fr\/wp-json\/wp\/v2\/pages"}],"about":[{"href":"https:\/\/pipemarking.com\/fr\/wp-json\/wp\/v2\/types\/page"}],"author":[{"embeddable":true,"href":"https:\/\/pipemarking.com\/fr\/wp-json\/wp\/v2\/users\/1"}],"replies":[{"embeddable":true,"href":"https:\/\/pipemarking.com\/fr\/wp-json\/wp\/v2\/comments?post=88"}],"version-history":[{"count":7,"href":"https:\/\/pipemarking.com\/fr\/wp-json\/wp\/v2\/pages\/88\/revisions"}],"predecessor-version":[{"id":213,"href":"https:\/\/pipemarking.com\/fr\/wp-json\/wp\/v2\/pages\/88\/revisions\/213"}],"wp:attachment":[{"href":"https:\/\/pipemarking.com\/fr\/wp-json\/wp\/v2\/media?parent=88"}],"curies":[{"name":"wp","href":"https:\/\/api.w.org\/{rel}","templated":true}]}}